{"id":1626,"date":"2025-07-01T17:59:59","date_gmt":"2025-07-01T17:59:59","guid":{"rendered":"https:\/\/courteney-boots.com\/barrierefreiheit\/"},"modified":"2025-07-01T18:18:05","modified_gmt":"2025-07-01T18:18:05","slug":"barrierefreiheit","status":"publish","type":"page","link":"https:\/\/courteney-boots.com\/de\/barrierefreiheit\/","title":{"rendered":"Barrierefreiheit"},"content":{"rendered":"\t\t<div data-elementor-type=\"wp-page\" data-elementor-id=\"1626\" class=\"elementor elementor-1626 elementor-1617\" data-elementor-post-type=\"page\">\n\t\t\t\t<div class=\"elementor-element elementor-element-1a4c829 e-flex e-con-boxed e-con e-parent\" data-id=\"1a4c829\" data-element_type=\"container\" data-e-type=\"container\">\n\t\t\t\t\t<div class=\"e-con-inner\">\n\t\t\t\t<div class=\"elementor-element elementor-element-8c822ed elementor-widget elementor-widget-text-editor\" data-id=\"8c822ed\" data-element_type=\"widget\" data-e-type=\"widget\" data-widget_type=\"text-editor.default\">\n\t\t\t\t<div class=\"elementor-widget-container\">\n\t\t\t\t\t\t\t\t\t<h2>Erkl\u00e4rung zur Barrierefreiheit<\/h2><p>Out of Africa Compagnie GmbH ist bestrebt, seine Website [courteney-boots.com] barrierefrei zug\u00e4nglich zu machen \u2013 im Einklang mit den Vorgaben der EU-Richtlinie (EU) 2019\/882 (European Accessibility Act) sowie dem Barrierefreiheitsst\u00e4rkungsgesetz (BFSG).<\/p><p>Diese Erkl\u00e4rung zur Barrierefreiheit gilt f\u00fcr die Website: courteney-boots.com<\/p><h3>Stand der Vereinbarkeit mit den Anforderungen<\/h3><p>Diese Website ist derzeit teilweise mit den Anforderungen der Barrierefreiheit gem\u00e4\u00df WCAG 2.1, Konformit\u00e4tsstufe AA vereinbar. Das bedeutet, dass einige Inhalte noch nicht vollst\u00e4ndig den geltenden Standards entsprechen. <\/p><h3>Hinweis zur Systemarchitektur<\/h3><p>Diese Website wurde mit WordPress und Elementor Pro erstellt. Aufgrund technischer Einschr\u00e4nkungen der Plattform lassen sich bestimmte Funktionen zur Barrierefreiheit \u2013 wie z.\u202fB. semantische ARIA-Rollen oder erweiterte Fokussteuerung \u2013 derzeit nicht vollst\u00e4ndig umsetzen. Wir arbeiten jedoch fortlaufend daran, die Inhalte im Rahmen dieser M\u00f6glichkeiten so barrierefrei wie m\u00f6glich zu gestalten.  <\/p><h3>Nicht barrierefreie Inhalte<\/h3><p>Zu den bekannten Barrieren geh\u00f6ren unter anderem:<\/p><ul><li>Einige Bilder verf\u00fcgen noch nicht \u00fcber vollst\u00e4ndige Alternativtexte.<\/li><li>Eingebettete Videos sind m\u00f6glicherweise ohne Untertitel oder Transkription eingebunden.<\/li><li>Formulare zeigen in einigen F\u00e4llen keine barrierefreien Fehlermeldungen an.<\/li><\/ul><p><br>Wir arbeiten aktiv daran, diese M\u00e4ngel zu beheben und bestehende Barrieren abzubauen.<\/p><h3>Erstellung dieser Erkl\u00e4rung<\/h3><p>Diese Erkl\u00e4rung wurde am <strong>02.06.2025<\/strong> erstellt und zuletzt am <strong>02.06.2025<\/strong> \u00fcberpr\u00fcft.\u2028Die Bewertung beruht auf einer Selbstbewertung nach den WCAG 2.1-Richtlinien.<\/p><h3>Feedback und Kontakt<\/h3><p>Sollten Sie auf unserer Website auf Barrieren sto\u00dfen, freuen wir uns \u00fcber Ihre R\u00fcckmeldung.<\/p><p><strong>Kontakt<\/strong>:<\/p><p>Out of Africa Compagnie GmbH<br>Am Burghaus 12<br>D-51580 Reichshof<\/p><p>Handelsregister: B13033<br>Gericht: Amtsgericht Siegburg<\/p><p><strong>Vertreten durch:<\/strong><br>PH Christian Maria Huntgeburth DMS MBA<\/p><h3>Schlichtungsverfahren<\/h3><p>Falls Sie der Meinung sind, durch eine nicht ausreichende barrierefreie Gestaltung dieser Website benachteiligt zu sein, k\u00f6nnen Sie sich an die Schlichtungsstelle nach dem Behindertengleichstellungsgesetz (BGG) wenden:<\/p><p>Website: www.schlichtungsstelle-bgg.de<\/p>\t\t\t\t\t\t\t\t<\/div>\n\t\t\t\t<\/div>\n\t\t\t\t\t<\/div>\n\t\t\t\t<\/div>\n\t\t\t\t<\/div>\n\t\t","protected":false},"excerpt":{"rendered":"<p>Erkl\u00e4rung zur Barrierefreiheit Out of Africa Compagnie GmbH ist bestrebt, seine Website [courteney-boots.com] barrierefrei zug\u00e4nglich zu machen \u2013 im Einklang mit den Vorgaben der EU-Richtlinie (EU) 2019\/882 (European Accessibility Act) sowie dem Barrierefreiheitsst\u00e4rkungsgesetz (BFSG). Diese Erkl\u00e4rung zur Barrierefreiheit gilt f\u00fcr die Website: courteney-boots.com Stand der Vereinbarkeit mit den Anforderungen Diese Website ist derzeit teilweise mit [&hellip;]<\/p>\n","protected":false},"author":1,"featured_media":0,"parent":0,"menu_order":0,"comment_status":"closed","ping_status":"closed","template":"","meta":{"nf_dc_page":"","footnotes":""},"class_list":["post-1626","page","type-page","status-publish","hentry"],"yoast_head":"<!-- This site is optimized with the Yoast SEO plugin v27.5 - https:\/\/yoast.com\/product\/yoast-seo-wordpress\/ -->\n<title>Barrierefreiheit - courteney-boots.com<\/title>\n<meta name=\"robots\" content=\"index, follow, max-snippet:-1, max-image-preview:large, max-video-preview:-1\" \/>\n<link rel=\"canonical\" href=\"https:\/\/courteney-boots.com\/de\/barrierefreiheit\/\" \/>\n<meta property=\"og:locale\" content=\"de_DE\" \/>\n<meta property=\"og:type\" content=\"article\" \/>\n<meta property=\"og:title\" content=\"Barrierefreiheit - courteney-boots.com\" \/>\n<meta property=\"og:description\" content=\"Erkl\u00e4rung zur Barrierefreiheit Out of Africa Compagnie GmbH ist bestrebt, seine Website [courteney-boots.com] barrierefrei zug\u00e4nglich zu machen \u2013 im Einklang mit den Vorgaben der EU-Richtlinie (EU) 2019\/882 (European Accessibility Act) sowie dem Barrierefreiheitsst\u00e4rkungsgesetz (BFSG). Diese Erkl\u00e4rung zur Barrierefreiheit gilt f\u00fcr die Website: courteney-boots.com Stand der Vereinbarkeit mit den Anforderungen Diese Website ist derzeit teilweise mit [&hellip;]\" \/>\n<meta property=\"og:url\" content=\"https:\/\/courteney-boots.com\/de\/barrierefreiheit\/\" \/>\n<meta property=\"og:site_name\" content=\"courteney-boots.com\" \/>\n<meta property=\"article:modified_time\" content=\"2025-07-01T18:18:05+00:00\" \/>\n<meta name=\"twitter:card\" content=\"summary_large_image\" \/>\n<meta name=\"twitter:label1\" content=\"Gesch\u00e4tzte Lesezeit\" \/>\n\t<meta name=\"twitter:data1\" content=\"1\u00a0Minute\" \/>\n<script type=\"application\/ld+json\" class=\"yoast-schema-graph\">{\"@context\":\"https:\\\/\\\/schema.org\",\"@graph\":[{\"@type\":\"WebPage\",\"@id\":\"https:\\\/\\\/courteney-boots.com\\\/de\\\/barrierefreiheit\\\/\",\"url\":\"https:\\\/\\\/courteney-boots.com\\\/de\\\/barrierefreiheit\\\/\",\"name\":\"Barrierefreiheit - courteney-boots.com\",\"isPartOf\":{\"@id\":\"http:\\\/\\\/courteney-boots.com\\\/de\\\/#website\"},\"datePublished\":\"2025-07-01T17:59:59+00:00\",\"dateModified\":\"2025-07-01T18:18:05+00:00\",\"breadcrumb\":{\"@id\":\"https:\\\/\\\/courteney-boots.com\\\/de\\\/barrierefreiheit\\\/#breadcrumb\"},\"inLanguage\":\"de\",\"potentialAction\":[{\"@type\":\"ReadAction\",\"target\":[\"https:\\\/\\\/courteney-boots.com\\\/de\\\/barrierefreiheit\\\/\"]}]},{\"@type\":\"BreadcrumbList\",\"@id\":\"https:\\\/\\\/courteney-boots.com\\\/de\\\/barrierefreiheit\\\/#breadcrumb\",\"itemListElement\":[{\"@type\":\"ListItem\",\"position\":1,\"name\":\"Home\",\"item\":\"https:\\\/\\\/courteney-boots.com\\\/de\\\/\"},{\"@type\":\"ListItem\",\"position\":2,\"name\":\"Barrierefreiheit\"}]},{\"@type\":\"WebSite\",\"@id\":\"http:\\\/\\\/courteney-boots.com\\\/de\\\/#website\",\"url\":\"http:\\\/\\\/courteney-boots.com\\\/de\\\/\",\"name\":\"courteney-boots.com\",\"description\":\"Footwear for the adventurer in you\",\"publisher\":{\"@id\":\"http:\\\/\\\/courteney-boots.com\\\/de\\\/#organization\"},\"potentialAction\":[{\"@type\":\"SearchAction\",\"target\":{\"@type\":\"EntryPoint\",\"urlTemplate\":\"http:\\\/\\\/courteney-boots.com\\\/de\\\/?s={search_term_string}\"},\"query-input\":{\"@type\":\"PropertyValueSpecification\",\"valueRequired\":true,\"valueName\":\"search_term_string\"}}],\"inLanguage\":\"de\"},{\"@type\":\"Organization\",\"@id\":\"http:\\\/\\\/courteney-boots.com\\\/de\\\/#organization\",\"name\":\"courteney-boots.com\",\"url\":\"http:\\\/\\\/courteney-boots.com\\\/de\\\/\",\"logo\":{\"@type\":\"ImageObject\",\"inLanguage\":\"de\",\"@id\":\"http:\\\/\\\/courteney-boots.com\\\/de\\\/#\\\/schema\\\/logo\\\/image\\\/\",\"url\":\"https:\\\/\\\/i0.wp.com\\\/courteney-boots.com\\\/wp-content\\\/uploads\\\/2023\\\/05\\\/Courteney-site-logo.png?fit=295%2C100&ssl=1\",\"contentUrl\":\"https:\\\/\\\/i0.wp.com\\\/courteney-boots.com\\\/wp-content\\\/uploads\\\/2023\\\/05\\\/Courteney-site-logo.png?fit=295%2C100&ssl=1\",\"width\":295,\"height\":100,\"caption\":\"courteney-boots.com\"},\"image\":{\"@id\":\"http:\\\/\\\/courteney-boots.com\\\/de\\\/#\\\/schema\\\/logo\\\/image\\\/\"}}]}<\/script>\n<!-- \/ Yoast SEO plugin. -->","yoast_head_json":{"title":"Barrierefreiheit - courteney-boots.com","robots":{"index":"index","follow":"follow","max-snippet":"max-snippet:-1","max-image-preview":"max-image-preview:large","max-video-preview":"max-video-preview:-1"},"canonical":"https:\/\/courteney-boots.com\/de\/barrierefreiheit\/","og_locale":"de_DE","og_type":"article","og_title":"Barrierefreiheit - courteney-boots.com","og_description":"Erkl\u00e4rung zur Barrierefreiheit Out of Africa Compagnie GmbH ist bestrebt, seine Website [courteney-boots.com] barrierefrei zug\u00e4nglich zu machen \u2013 im Einklang mit den Vorgaben der EU-Richtlinie (EU) 2019\/882 (European Accessibility Act) sowie dem Barrierefreiheitsst\u00e4rkungsgesetz (BFSG). Diese Erkl\u00e4rung zur Barrierefreiheit gilt f\u00fcr die Website: courteney-boots.com Stand der Vereinbarkeit mit den Anforderungen Diese Website ist derzeit teilweise mit [&hellip;]","og_url":"https:\/\/courteney-boots.com\/de\/barrierefreiheit\/","og_site_name":"courteney-boots.com","article_modified_time":"2025-07-01T18:18:05+00:00","twitter_card":"summary_large_image","twitter_misc":{"Gesch\u00e4tzte Lesezeit":"1\u00a0Minute"},"schema":{"@context":"https:\/\/schema.org","@graph":[{"@type":"WebPage","@id":"https:\/\/courteney-boots.com\/de\/barrierefreiheit\/","url":"https:\/\/courteney-boots.com\/de\/barrierefreiheit\/","name":"Barrierefreiheit - courteney-boots.com","isPartOf":{"@id":"http:\/\/courteney-boots.com\/de\/#website"},"datePublished":"2025-07-01T17:59:59+00:00","dateModified":"2025-07-01T18:18:05+00:00","breadcrumb":{"@id":"https:\/\/courteney-boots.com\/de\/barrierefreiheit\/#breadcrumb"},"inLanguage":"de","potentialAction":[{"@type":"ReadAction","target":["https:\/\/courteney-boots.com\/de\/barrierefreiheit\/"]}]},{"@type":"BreadcrumbList","@id":"https:\/\/courteney-boots.com\/de\/barrierefreiheit\/#breadcrumb","itemListElement":[{"@type":"ListItem","position":1,"name":"Home","item":"https:\/\/courteney-boots.com\/de\/"},{"@type":"ListItem","position":2,"name":"Barrierefreiheit"}]},{"@type":"WebSite","@id":"http:\/\/courteney-boots.com\/de\/#website","url":"http:\/\/courteney-boots.com\/de\/","name":"courteney-boots.com","description":"Footwear for the adventurer in you","publisher":{"@id":"http:\/\/courteney-boots.com\/de\/#organization"},"potentialAction":[{"@type":"SearchAction","target":{"@type":"EntryPoint","urlTemplate":"http:\/\/courteney-boots.com\/de\/?s={search_term_string}"},"query-input":{"@type":"PropertyValueSpecification","valueRequired":true,"valueName":"search_term_string"}}],"inLanguage":"de"},{"@type":"Organization","@id":"http:\/\/courteney-boots.com\/de\/#organization","name":"courteney-boots.com","url":"http:\/\/courteney-boots.com\/de\/","logo":{"@type":"ImageObject","inLanguage":"de","@id":"http:\/\/courteney-boots.com\/de\/#\/schema\/logo\/image\/","url":"https:\/\/i0.wp.com\/courteney-boots.com\/wp-content\/uploads\/2023\/05\/Courteney-site-logo.png?fit=295%2C100&ssl=1","contentUrl":"https:\/\/i0.wp.com\/courteney-boots.com\/wp-content\/uploads\/2023\/05\/Courteney-site-logo.png?fit=295%2C100&ssl=1","width":295,"height":100,"caption":"courteney-boots.com"},"image":{"@id":"http:\/\/courteney-boots.com\/de\/#\/schema\/logo\/image\/"}}]}},"jetpack_sharing_enabled":true,"_links":{"self":[{"href":"https:\/\/courteney-boots.com\/de\/wp-json\/wp\/v2\/pages\/1626","targetHints":{"allow":["GET"]}}],"collection":[{"href":"https:\/\/courteney-boots.com\/de\/wp-json\/wp\/v2\/pages"}],"about":[{"href":"https:\/\/courteney-boots.com\/de\/wp-json\/wp\/v2\/types\/page"}],"author":[{"embeddable":true,"href":"https:\/\/courteney-boots.com\/de\/wp-json\/wp\/v2\/users\/1"}],"replies":[{"embeddable":true,"href":"https:\/\/courteney-boots.com\/de\/wp-json\/wp\/v2\/comments?post=1626"}],"version-history":[{"count":1,"href":"https:\/\/courteney-boots.com\/de\/wp-json\/wp\/v2\/pages\/1626\/revisions"}],"predecessor-version":[{"id":1627,"href":"https:\/\/courteney-boots.com\/de\/wp-json\/wp\/v2\/pages\/1626\/revisions\/1627"}],"wp:attachment":[{"href":"https:\/\/courteney-boots.com\/de\/wp-json\/wp\/v2\/media?parent=1626"}],"curies":[{"name":"wp","href":"https:\/\/api.w.org\/{rel}","templated":true}]}}