{"id":1274,"date":"2023-11-21T00:59:53","date_gmt":"2023-11-21T00:59:53","guid":{"rendered":"https:\/\/courteney-boots.com\/product\/nduna\/"},"modified":"2024-03-15T13:16:24","modified_gmt":"2024-03-15T13:16:24","slug":"nduna","status":"publish","type":"product","link":"https:\/\/courteney-boots.com\/de\/produkt\/nduna\/","title":{"rendered":"Nduna"},"content":{"rendered":"<p>Der Nduna wurde erstmals 1837 entworfen und ist ein zeitloser Stiefel, der f\u00fcr jede Situation geeignet ist. Schl\u00fcpfe leise hinein, und du bist f\u00fcr jedes Abenteuer bereit. Die geriffelte Sohle und der gepolsterte Kragen von Courteney vervollst\u00e4ndigen den Komfort.<\/p>\n<p>Erh\u00e4ltlich in B\u00fcffel \/ Kudu.<\/p>\n","protected":false},"excerpt":{"rendered":"<p>Der Nduna wurde erstmals 1837 entworfen und eignet sich mit seiner geriffelten Sohle, dem robusten Obermaterial und dem ikonischen gepolsterten Kragen f\u00fcr jede Gelegenheit.<\/p>\n<p>Material: B\u00fcffel\/Kudu<\/p>\n","protected":false},"featured_media":159,"comment_status":"open","ping_status":"closed","template":"","meta":{"nf_dc_page":""},"product_brand":[],"product_cat":[64,60],"product_tag":[],"class_list":{"0":"post-1274","1":"product","2":"type-product","3":"status-publish","4":"has-post-thumbnail","6":"product_cat-boots-de","7":"product_cat-nduna-de","9":"first","10":"instock","11":"taxable","12":"shipping-taxable","13":"purchasable","14":"product-type-variable"},"yoast_head":"<!-- This site is optimized with the Yoast SEO plugin v27.5 - https:\/\/yoast.com\/product\/yoast-seo-wordpress\/ -->\n<title>Nduna - courteney-boots.com<\/title>\n<meta name=\"robots\" content=\"index, follow, max-snippet:-1, max-image-preview:large, max-video-preview:-1\" \/>\n<link rel=\"canonical\" href=\"https:\/\/courteney-boots.com\/de\/produkt\/nduna\/\" \/>\n<meta property=\"og:locale\" content=\"de_DE\" \/>\n<meta property=\"og:type\" content=\"article\" \/>\n<meta property=\"og:title\" content=\"Nduna - courteney-boots.com\" \/>\n<meta property=\"og:description\" content=\"Der Nduna wurde erstmals 1837 entworfen und eignet sich mit seiner geriffelten Sohle, dem robusten Obermaterial und dem ikonischen gepolsterten Kragen f\u00fcr jede Gelegenheit. Material: B\u00fcffel\/Kudu\" \/>\n<meta property=\"og:url\" content=\"https:\/\/courteney-boots.com\/de\/produkt\/nduna\/\" \/>\n<meta property=\"og:site_name\" content=\"courteney-boots.com\" \/>\n<meta property=\"article:modified_time\" content=\"2024-03-15T13:16:24+00:00\" \/>\n<meta property=\"og:image\" content=\"https:\/\/i0.wp.com\/courteney-boots.com\/wp-content\/uploads\/2023\/05\/Courteney-Nduna.jpg?fit=1080%2C720&ssl=1\" \/>\n\t<meta property=\"og:image:width\" content=\"1080\" \/>\n\t<meta property=\"og:image:height\" content=\"720\" \/>\n\t<meta property=\"og:image:type\" content=\"image\/jpeg\" \/>\n<meta name=\"twitter:card\" content=\"summary_large_image\" \/>\n<script type=\"application\/ld+json\" class=\"yoast-schema-graph\">{\"@context\":\"https:\\\/\\\/schema.org\",\"@graph\":[{\"@type\":\"WebPage\",\"@id\":\"https:\\\/\\\/courteney-boots.com\\\/de\\\/produkt\\\/nduna\\\/\",\"url\":\"https:\\\/\\\/courteney-boots.com\\\/de\\\/produkt\\\/nduna\\\/\",\"name\":\"Nduna - courteney-boots.com\",\"isPartOf\":{\"@id\":\"http:\\\/\\\/courteney-boots.com\\\/de\\\/#website\"},\"primaryImageOfPage\":{\"@id\":\"https:\\\/\\\/courteney-boots.com\\\/de\\\/produkt\\\/nduna\\\/#primaryimage\"},\"image\":{\"@id\":\"https:\\\/\\\/courteney-boots.com\\\/de\\\/produkt\\\/nduna\\\/#primaryimage\"},\"thumbnailUrl\":\"https:\\\/\\\/i0.wp.com\\\/courteney-boots.com\\\/wp-content\\\/uploads\\\/2023\\\/05\\\/Courteney-Nduna.jpg?fit=1080%2C720&ssl=1\",\"datePublished\":\"2023-11-21T00:59:53+00:00\",\"dateModified\":\"2024-03-15T13:16:24+00:00\",\"breadcrumb\":{\"@id\":\"https:\\\/\\\/courteney-boots.com\\\/de\\\/produkt\\\/nduna\\\/#breadcrumb\"},\"inLanguage\":\"de\",\"potentialAction\":[{\"@type\":\"ReadAction\",\"target\":[\"https:\\\/\\\/courteney-boots.com\\\/de\\\/produkt\\\/nduna\\\/\"]}]},{\"@type\":\"ImageObject\",\"inLanguage\":\"de\",\"@id\":\"https:\\\/\\\/courteney-boots.com\\\/de\\\/produkt\\\/nduna\\\/#primaryimage\",\"url\":\"https:\\\/\\\/i0.wp.com\\\/courteney-boots.com\\\/wp-content\\\/uploads\\\/2023\\\/05\\\/Courteney-Nduna.jpg?fit=1080%2C720&ssl=1\",\"contentUrl\":\"https:\\\/\\\/i0.wp.com\\\/courteney-boots.com\\\/wp-content\\\/uploads\\\/2023\\\/05\\\/Courteney-Nduna.jpg?fit=1080%2C720&ssl=1\",\"width\":1080,\"height\":720,\"caption\":\"Nduna\"},{\"@type\":\"BreadcrumbList\",\"@id\":\"https:\\\/\\\/courteney-boots.com\\\/de\\\/produkt\\\/nduna\\\/#breadcrumb\",\"itemListElement\":[{\"@type\":\"ListItem\",\"position\":1,\"name\":\"Home\",\"item\":\"https:\\\/\\\/courteney-boots.com\\\/de\\\/\"},{\"@type\":\"ListItem\",\"position\":2,\"name\":\"STORE\",\"item\":\"https:\\\/\\\/courteney-boots.com\\\/store\\\/\"},{\"@type\":\"ListItem\",\"position\":3,\"name\":\"Nduna\"}]},{\"@type\":\"WebSite\",\"@id\":\"http:\\\/\\\/courteney-boots.com\\\/de\\\/#website\",\"url\":\"http:\\\/\\\/courteney-boots.com\\\/de\\\/\",\"name\":\"courteney-boots.com\",\"description\":\"Footwear for the adventurer in you\",\"publisher\":{\"@id\":\"http:\\\/\\\/courteney-boots.com\\\/de\\\/#organization\"},\"potentialAction\":[{\"@type\":\"SearchAction\",\"target\":{\"@type\":\"EntryPoint\",\"urlTemplate\":\"http:\\\/\\\/courteney-boots.com\\\/de\\\/?s={search_term_string}\"},\"query-input\":{\"@type\":\"PropertyValueSpecification\",\"valueRequired\":true,\"valueName\":\"search_term_string\"}}],\"inLanguage\":\"de\"},{\"@type\":\"Organization\",\"@id\":\"http:\\\/\\\/courteney-boots.com\\\/de\\\/#organization\",\"name\":\"courteney-boots.com\",\"url\":\"http:\\\/\\\/courteney-boots.com\\\/de\\\/\",\"logo\":{\"@type\":\"ImageObject\",\"inLanguage\":\"de\",\"@id\":\"http:\\\/\\\/courteney-boots.com\\\/de\\\/#\\\/schema\\\/logo\\\/image\\\/\",\"url\":\"https:\\\/\\\/i0.wp.com\\\/courteney-boots.com\\\/wp-content\\\/uploads\\\/2023\\\/05\\\/Courteney-site-logo.png?fit=295%2C100&ssl=1\",\"contentUrl\":\"https:\\\/\\\/i0.wp.com\\\/courteney-boots.com\\\/wp-content\\\/uploads\\\/2023\\\/05\\\/Courteney-site-logo.png?fit=295%2C100&ssl=1\",\"width\":295,\"height\":100,\"caption\":\"courteney-boots.com\"},\"image\":{\"@id\":\"http:\\\/\\\/courteney-boots.com\\\/de\\\/#\\\/schema\\\/logo\\\/image\\\/\"}}]}<\/script>\n<!-- \/ Yoast SEO plugin. -->","yoast_head_json":{"title":"Nduna - courteney-boots.com","robots":{"index":"index","follow":"follow","max-snippet":"max-snippet:-1","max-image-preview":"max-image-preview:large","max-video-preview":"max-video-preview:-1"},"canonical":"https:\/\/courteney-boots.com\/de\/produkt\/nduna\/","og_locale":"de_DE","og_type":"article","og_title":"Nduna - courteney-boots.com","og_description":"Der Nduna wurde erstmals 1837 entworfen und eignet sich mit seiner geriffelten Sohle, dem robusten Obermaterial und dem ikonischen gepolsterten Kragen f\u00fcr jede Gelegenheit. Material: B\u00fcffel\/Kudu","og_url":"https:\/\/courteney-boots.com\/de\/produkt\/nduna\/","og_site_name":"courteney-boots.com","article_modified_time":"2024-03-15T13:16:24+00:00","og_image":[{"width":1080,"height":720,"url":"https:\/\/i0.wp.com\/courteney-boots.com\/wp-content\/uploads\/2023\/05\/Courteney-Nduna.jpg?fit=1080%2C720&ssl=1","type":"image\/jpeg"}],"twitter_card":"summary_large_image","schema":{"@context":"https:\/\/schema.org","@graph":[{"@type":"WebPage","@id":"https:\/\/courteney-boots.com\/de\/produkt\/nduna\/","url":"https:\/\/courteney-boots.com\/de\/produkt\/nduna\/","name":"Nduna - courteney-boots.com","isPartOf":{"@id":"http:\/\/courteney-boots.com\/de\/#website"},"primaryImageOfPage":{"@id":"https:\/\/courteney-boots.com\/de\/produkt\/nduna\/#primaryimage"},"image":{"@id":"https:\/\/courteney-boots.com\/de\/produkt\/nduna\/#primaryimage"},"thumbnailUrl":"https:\/\/i0.wp.com\/courteney-boots.com\/wp-content\/uploads\/2023\/05\/Courteney-Nduna.jpg?fit=1080%2C720&ssl=1","datePublished":"2023-11-21T00:59:53+00:00","dateModified":"2024-03-15T13:16:24+00:00","breadcrumb":{"@id":"https:\/\/courteney-boots.com\/de\/produkt\/nduna\/#breadcrumb"},"inLanguage":"de","potentialAction":[{"@type":"ReadAction","target":["https:\/\/courteney-boots.com\/de\/produkt\/nduna\/"]}]},{"@type":"ImageObject","inLanguage":"de","@id":"https:\/\/courteney-boots.com\/de\/produkt\/nduna\/#primaryimage","url":"https:\/\/i0.wp.com\/courteney-boots.com\/wp-content\/uploads\/2023\/05\/Courteney-Nduna.jpg?fit=1080%2C720&ssl=1","contentUrl":"https:\/\/i0.wp.com\/courteney-boots.com\/wp-content\/uploads\/2023\/05\/Courteney-Nduna.jpg?fit=1080%2C720&ssl=1","width":1080,"height":720,"caption":"Nduna"},{"@type":"BreadcrumbList","@id":"https:\/\/courteney-boots.com\/de\/produkt\/nduna\/#breadcrumb","itemListElement":[{"@type":"ListItem","position":1,"name":"Home","item":"https:\/\/courteney-boots.com\/de\/"},{"@type":"ListItem","position":2,"name":"STORE","item":"https:\/\/courteney-boots.com\/store\/"},{"@type":"ListItem","position":3,"name":"Nduna"}]},{"@type":"WebSite","@id":"http:\/\/courteney-boots.com\/de\/#website","url":"http:\/\/courteney-boots.com\/de\/","name":"courteney-boots.com","description":"Footwear for the adventurer in you","publisher":{"@id":"http:\/\/courteney-boots.com\/de\/#organization"},"potentialAction":[{"@type":"SearchAction","target":{"@type":"EntryPoint","urlTemplate":"http:\/\/courteney-boots.com\/de\/?s={search_term_string}"},"query-input":{"@type":"PropertyValueSpecification","valueRequired":true,"valueName":"search_term_string"}}],"inLanguage":"de"},{"@type":"Organization","@id":"http:\/\/courteney-boots.com\/de\/#organization","name":"courteney-boots.com","url":"http:\/\/courteney-boots.com\/de\/","logo":{"@type":"ImageObject","inLanguage":"de","@id":"http:\/\/courteney-boots.com\/de\/#\/schema\/logo\/image\/","url":"https:\/\/i0.wp.com\/courteney-boots.com\/wp-content\/uploads\/2023\/05\/Courteney-site-logo.png?fit=295%2C100&ssl=1","contentUrl":"https:\/\/i0.wp.com\/courteney-boots.com\/wp-content\/uploads\/2023\/05\/Courteney-site-logo.png?fit=295%2C100&ssl=1","width":295,"height":100,"caption":"courteney-boots.com"},"image":{"@id":"http:\/\/courteney-boots.com\/de\/#\/schema\/logo\/image\/"}}]}},"jetpack_sharing_enabled":true,"_links":{"self":[{"href":"https:\/\/courteney-boots.com\/de\/wp-json\/wp\/v2\/product\/1274","targetHints":{"allow":["GET"]}}],"collection":[{"href":"https:\/\/courteney-boots.com\/de\/wp-json\/wp\/v2\/product"}],"about":[{"href":"https:\/\/courteney-boots.com\/de\/wp-json\/wp\/v2\/types\/product"}],"replies":[{"embeddable":true,"href":"https:\/\/courteney-boots.com\/de\/wp-json\/wp\/v2\/comments?post=1274"}],"wp:featuredmedia":[{"embeddable":true,"href":"https:\/\/courteney-boots.com\/de\/wp-json\/wp\/v2\/media\/159"}],"wp:attachment":[{"href":"https:\/\/courteney-boots.com\/de\/wp-json\/wp\/v2\/media?parent=1274"}],"wp:term":[{"taxonomy":"product_brand","embeddable":true,"href":"https:\/\/courteney-boots.com\/de\/wp-json\/wp\/v2\/product_brand?post=1274"},{"taxonomy":"product_cat","embeddable":true,"href":"https:\/\/courteney-boots.com\/de\/wp-json\/wp\/v2\/product_cat?post=1274"},{"taxonomy":"product_tag","embeddable":true,"href":"https:\/\/courteney-boots.com\/de\/wp-json\/wp\/v2\/product_tag?post=1274"}],"curies":[{"name":"wp","href":"https:\/\/api.w.org\/{rel}","templated":true}]}}